{"id":485,"date":"2021-09-09T08:56:18","date_gmt":"2021-09-09T11:56:18","guid":{"rendered":"https:\/\/grupocoachingtech.com.br\/?page_id=485"},"modified":"2023-12-21T15:52:12","modified_gmt":"2023-12-21T18:52:12","slug":"solucoes","status":"publish","type":"page","link":"https:\/\/louvreconsulting.com.br\/home\/solucoes\/","title":{"rendered":"Solu\u00e7\u00f5es"},"content":{"rendered":"\n<p>Temos solu\u00e7\u00f5es e servi\u00e7os em tecnologia que abrange desde o n\u00edvel operacional ao estrat\u00e9gico para o seu neg\u00f3cio!<\/p>\n","protected":false},"excerpt":{"rendered":"<p>Temos solu\u00e7\u00f5es e servi\u00e7os em tecnologia que abrange desde o n\u00edvel operacional ao estrat\u00e9gico para o seu neg\u00f3cio!<\/p>\n","protected":false},"author":3,"featured_media":0,"parent":0,"menu_order":0,"comment_status":"closed","ping_status":"closed","template":"","meta":{"_uag_custom_page_level_css":"","footnotes":""},"acf":[],"yoast_head":"<!-- This site is optimized with the Yoast SEO plugin v22.0 - https:\/\/yoast.com\/wordpress\/plugins\/seo\/ -->\n<title>Solu\u00e7\u00f5es - Louvre Consulting<\/title>\n<meta name=\"robots\" content=\"noindex, follow, max-snippet:-1, max-image-preview:large, max-video-preview:-1\" \/>\n<meta property=\"og:locale\" content=\"pt_BR\" \/>\n<meta property=\"og:type\" content=\"article\" \/>\n<meta property=\"og:title\" content=\"Solu\u00e7\u00f5es - Louvre Consulting\" \/>\n<meta property=\"og:description\" content=\"Temos solu\u00e7\u00f5es e servi\u00e7os em tecnologia que abrange desde o n\u00edvel operacional ao estrat\u00e9gico para o seu neg\u00f3cio!\" \/>\n<meta property=\"og:url\" content=\"https:\/\/louvreconsulting.com.br\/home\/solucoes\/\" \/>\n<meta property=\"og:site_name\" content=\"Louvre Consulting\" \/>\n<meta property=\"article:modified_time\" content=\"2023-12-21T18:52:12+00:00\" \/>\n<meta name=\"twitter:card\" content=\"summary_large_image\" \/>\n<meta name=\"twitter:label1\" content=\"Est. tempo de leitura\" \/>\n\t<meta name=\"twitter:data1\" content=\"1 minuto\" \/>\n<script type=\"application\/ld+json\" class=\"yoast-schema-graph\">{\"@context\":\"https:\/\/schema.org\",\"@graph\":[{\"@type\":\"WebPage\",\"@id\":\"https:\/\/louvreconsulting.com.br\/home\/solucoes\/\",\"url\":\"https:\/\/louvreconsulting.com.br\/home\/solucoes\/\",\"name\":\"Solu\u00e7\u00f5es - Louvre Consulting\",\"isPartOf\":{\"@id\":\"https:\/\/louvreconsulting.com.br\/home\/#website\"},\"datePublished\":\"2021-09-09T11:56:18+00:00\",\"dateModified\":\"2023-12-21T18:52:12+00:00\",\"breadcrumb\":{\"@id\":\"https:\/\/louvreconsulting.com.br\/home\/solucoes\/#breadcrumb\"},\"inLanguage\":\"pt-BR\",\"potentialAction\":[{\"@type\":\"ReadAction\",\"target\":[\"https:\/\/louvreconsulting.com.br\/home\/solucoes\/\"]}]},{\"@type\":\"BreadcrumbList\",\"@id\":\"https:\/\/louvreconsulting.com.br\/home\/solucoes\/#breadcrumb\",\"itemListElement\":[{\"@type\":\"ListItem\",\"position\":1,\"name\":\"Home\",\"item\":\"https:\/\/louvreconsulting.com.br\/home\/\"},{\"@type\":\"ListItem\",\"position\":2,\"name\":\"Solu\u00e7\u00f5es\"}]},{\"@type\":\"WebSite\",\"@id\":\"https:\/\/louvreconsulting.com.br\/home\/#website\",\"url\":\"https:\/\/louvreconsulting.com.br\/home\/\",\"name\":\"Louvre Consulting\",\"description\":\"\",\"potentialAction\":[{\"@type\":\"SearchAction\",\"target\":{\"@type\":\"EntryPoint\",\"urlTemplate\":\"https:\/\/louvreconsulting.com.br\/home\/?s={search_term_string}\"},\"query-input\":\"required name=search_term_string\"}],\"inLanguage\":\"pt-BR\"}]}<\/script>\n<!-- \/ Yoast SEO plugin. -->","yoast_head_json":{"title":"Solu\u00e7\u00f5es - Louvre Consulting","robots":{"index":"noindex","follow":"follow","max-snippet":"max-snippet:-1","max-image-preview":"max-image-preview:large","max-video-preview":"max-video-preview:-1"},"og_locale":"pt_BR","og_type":"article","og_title":"Solu\u00e7\u00f5es - Louvre Consulting","og_description":"Temos solu\u00e7\u00f5es e servi\u00e7os em tecnologia que abrange desde o n\u00edvel operacional ao estrat\u00e9gico para o seu neg\u00f3cio!","og_url":"https:\/\/louvreconsulting.com.br\/home\/solucoes\/","og_site_name":"Louvre Consulting","article_modified_time":"2023-12-21T18:52:12+00:00","twitter_card":"summary_large_image","twitter_misc":{"Est. tempo de leitura":"1 minuto"},"schema":{"@context":"https:\/\/schema.org","@graph":[{"@type":"WebPage","@id":"https:\/\/louvreconsulting.com.br\/home\/solucoes\/","url":"https:\/\/louvreconsulting.com.br\/home\/solucoes\/","name":"Solu\u00e7\u00f5es - Louvre Consulting","isPartOf":{"@id":"https:\/\/louvreconsulting.com.br\/home\/#website"},"datePublished":"2021-09-09T11:56:18+00:00","dateModified":"2023-12-21T18:52:12+00:00","breadcrumb":{"@id":"https:\/\/louvreconsulting.com.br\/home\/solucoes\/#breadcrumb"},"inLanguage":"pt-BR","potentialAction":[{"@type":"ReadAction","target":["https:\/\/louvreconsulting.com.br\/home\/solucoes\/"]}]},{"@type":"BreadcrumbList","@id":"https:\/\/louvreconsulting.com.br\/home\/solucoes\/#breadcrumb","itemListElement":[{"@type":"ListItem","position":1,"name":"Home","item":"https:\/\/louvreconsulting.com.br\/home\/"},{"@type":"ListItem","position":2,"name":"Solu\u00e7\u00f5es"}]},{"@type":"WebSite","@id":"https:\/\/louvreconsulting.com.br\/home\/#website","url":"https:\/\/louvreconsulting.com.br\/home\/","name":"Louvre Consulting","description":"","potentialAction":[{"@type":"SearchAction","target":{"@type":"EntryPoint","urlTemplate":"https:\/\/louvreconsulting.com.br\/home\/?s={search_term_string}"},"query-input":"required name=search_term_string"}],"inLanguage":"pt-BR"}]}},"uagb_featured_image_src":{"full":false,"thumbnail":false,"medium":false,"medium_large":false,"large":false,"1536x1536":false,"2048x2048":false},"uagb_author_info":{"display_name":"Louvre Consulting","author_link":"https:\/\/louvreconsulting.com.br\/home\/author\/coachingtech\/"},"uagb_comment_info":0,"uagb_excerpt":"Temos solu\u00e7\u00f5es e servi\u00e7os em tecnologia que abrange desde o n\u00edvel operacional ao estrat\u00e9gico para o seu neg\u00f3cio!","_links":{"self":[{"href":"https:\/\/louvreconsulting.com.br\/home\/wp-json\/wp\/v2\/pages\/485"}],"collection":[{"href":"https:\/\/louvreconsulting.com.br\/home\/wp-json\/wp\/v2\/pages"}],"about":[{"href":"https:\/\/louvreconsulting.com.br\/home\/wp-json\/wp\/v2\/types\/page"}],"author":[{"embeddable":true,"href":"https:\/\/louvreconsulting.com.br\/home\/wp-json\/wp\/v2\/users\/3"}],"replies":[{"embeddable":true,"href":"https:\/\/louvreconsulting.com.br\/home\/wp-json\/wp\/v2\/comments?post=485"}],"version-history":[{"count":3,"href":"https:\/\/louvreconsulting.com.br\/home\/wp-json\/wp\/v2\/pages\/485\/revisions"}],"predecessor-version":[{"id":712,"href":"https:\/\/louvreconsulting.com.br\/home\/wp-json\/wp\/v2\/pages\/485\/revisions\/712"}],"wp:attachment":[{"href":"https:\/\/louvreconsulting.com.br\/home\/wp-json\/wp\/v2\/media?parent=485"}],"curies":[{"name":"wp","href":"https:\/\/api.w.org\/{rel}","templated":true}]}}