{"id":29,"date":"2020-12-17T09:47:51","date_gmt":"2020-12-17T12:47:51","guid":{"rendered":"https:\/\/coaching.grupocoachingtech.com.br\/?page_id=29"},"modified":"2021-12-29T10:22:59","modified_gmt":"2021-12-29T13:22:59","slug":"fale-conosco","status":"publish","type":"page","link":"https:\/\/louvreconsulting.com.br\/home\/fale-conosco\/","title":{"rendered":"Fale Conosco"},"content":{"rendered":"\n<div style=\"height:40px\" aria-hidden=\"true\" class=\"wp-block-spacer\"><\/div>\n\n\n\n<p>Oferecemos servi\u00e7os e solu\u00e7\u00f5es de gest\u00e3o que ir\u00e1 transformar o seu neg\u00f3cio. Vamos conversar?<\/p>\n\n\n\n<div style=\"height:40px\" aria-hidden=\"true\" class=\"wp-block-spacer\"><\/div>\n\n\n\n<div class=\"wpcf7 no-js\" id=\"wpcf7-f33-o1\" lang=\"pt-BR\" dir=\"ltr\">\n<div class=\"screen-reader-response\"><p role=\"status\" aria-live=\"polite\" aria-atomic=\"true\"><\/p> <ul><\/ul><\/div>\n<form action=\"\/home\/wp-json\/wp\/v2\/pages\/29#wpcf7-f33-o1\" method=\"post\" class=\"wpcf7-form init\" aria-label=\"Formul\u00e1rios de contato\" novalidate=\"novalidate\" data-status=\"init\">\n<div style=\"display: none;\">\n<input type=\"hidden\" name=\"_wpcf7\" value=\"33\" \/>\n<input type=\"hidden\" name=\"_wpcf7_version\" value=\"5.8.7\" \/>\n<input type=\"hidden\" name=\"_wpcf7_locale\" value=\"pt_BR\" \/>\n<input type=\"hidden\" name=\"_wpcf7_unit_tag\" value=\"wpcf7-f33-o1\" \/>\n<input type=\"hidden\" name=\"_wpcf7_container_post\" value=\"0\" \/>\n<input type=\"hidden\" name=\"_wpcf7_posted_data_hash\" value=\"\" \/>\n<\/div>\n<p><label>Nome completo<\/label><br \/>\n<span class=\"wpcf7-form-control-wrap\" data-name=\"nomecompleto\"><input size=\"40\" class=\"wpcf7-form-control wpcf7-text wpcf7-validates-as-required\" aria-required=\"true\" aria-invalid=\"false\" placeholder=\"\" value=\"\" type=\"text\" name=\"nomecompleto\" \/><\/span><br \/>\n<label>E-mail<\/label><br \/>\n<span class=\"wpcf7-form-control-wrap\" data-name=\"email-468\"><input size=\"40\" class=\"wpcf7-form-control wpcf7-email wpcf7-validates-as-required wpcf7-text wpcf7-validates-as-email\" aria-required=\"true\" aria-invalid=\"false\" placeholder=\"\" value=\"\" type=\"email\" name=\"email-468\" \/><\/span>\n<\/p>\n<div class=\"row m-0 p-0\">\n\t<div class=\"col-xl-6 col-lg-6 col-md-6 col-12 p-resp-a\">\n\t\t<p><label>Assunto<\/label><br \/>\n<span class=\"wpcf7-form-control-wrap\" data-name=\"assunto\"><input size=\"40\" class=\"wpcf7-form-control wpcf7-text wpcf7-validates-as-required\" aria-required=\"true\" aria-invalid=\"false\" placeholder=\"\" value=\"\" type=\"text\" name=\"assunto\" \/><\/span>\n\t\t<\/p>\n\t<\/div>\n\t<div class=\"col-xl-6 col-lg-6 col-md-6 col-12 p-resp-b\">\n\t\t<p><label>Telefone<\/label><br \/>\n<span class=\"wpcf7-form-control-wrap\" data-name=\"tel-975\"><input size=\"40\" class=\"wpcf7-form-control wpcf7-tel wpcf7-validates-as-required wpcf7-text wpcf7-validates-as-tel\" aria-required=\"true\" aria-invalid=\"false\" value=\"\" type=\"tel\" name=\"tel-975\" \/><\/span>\n\t\t<\/p>\n\t<\/div>\n<\/div>\n<p><label>Mensagem<\/label><br \/>\n<span class=\"wpcf7-form-control-wrap\" data-name=\"textarea-645\"><textarea cols=\"40\" rows=\"10\" class=\"wpcf7-form-control wpcf7-textarea wpcf7-validates-as-required\" aria-required=\"true\" aria-invalid=\"false\" placeholder=\"\" name=\"textarea-645\"><\/textarea><\/span>\n<\/p>\n<div class=\"lbl-aceite\">\n\t<p><span class=\"wpcf7-form-control-wrap\" data-name=\"acceptance-290\"><span class=\"wpcf7-form-control wpcf7-acceptance\"><span class=\"wpcf7-list-item\"><label><input type=\"checkbox\" name=\"acceptance-290\" value=\"1\" aria-invalid=\"false\" \/><span class=\"wpcf7-list-item-label\">Aceito a utiliza\u00e7\u00e3o dos dados cedidos nesse formul\u00e1rio para a realiza\u00e7\u00e3o de um contato.*<\/span><\/label><\/span><\/span><\/span>\n\t<\/p>\n<\/div>\n<p><input class=\"wpcf7-form-control wpcf7-submit has-spinner btn-enviar\" type=\"submit\" value=\"Enviar\" \/>\n<\/p><div class=\"wpcf7-response-output\" aria-hidden=\"true\"><\/div>\n<\/form>\n<\/div>\n\n\n\n\n<p><\/p>\n","protected":false},"excerpt":{"rendered":"<p>Oferecemos servi\u00e7os e solu\u00e7\u00f5es de gest\u00e3o que ir\u00e1 transformar o seu neg\u00f3cio. Vamos conversar?<\/p>\n","protected":false},"author":1,"featured_media":0,"parent":0,"menu_order":0,"comment_status":"closed","ping_status":"closed","template":"page-fale-conosco.php","meta":{"_uag_custom_page_level_css":"","footnotes":""},"acf":[],"yoast_head":"<!-- This site is optimized with the Yoast SEO plugin v22.0 - https:\/\/yoast.com\/wordpress\/plugins\/seo\/ -->\n<title>Fale Conosco - Louvre Consulting<\/title>\n<meta name=\"robots\" content=\"noindex, follow, max-snippet:-1, max-image-preview:large, max-video-preview:-1\" \/>\n<meta property=\"og:locale\" content=\"pt_BR\" \/>\n<meta property=\"og:type\" content=\"article\" \/>\n<meta property=\"og:title\" content=\"Fale Conosco - Louvre Consulting\" \/>\n<meta property=\"og:description\" content=\"Oferecemos servi\u00e7os e solu\u00e7\u00f5es de gest\u00e3o que ir\u00e1 transformar o seu neg\u00f3cio. Vamos conversar?\" \/>\n<meta property=\"og:url\" content=\"https:\/\/louvreconsulting.com.br\/home\/fale-conosco\/\" \/>\n<meta property=\"og:site_name\" content=\"Louvre Consulting\" \/>\n<meta property=\"article:modified_time\" content=\"2021-12-29T13:22:59+00:00\" \/>\n<meta name=\"twitter:card\" content=\"summary_large_image\" \/>\n<meta name=\"twitter:label1\" content=\"Est. tempo de leitura\" \/>\n\t<meta name=\"twitter:data1\" content=\"1 minuto\" \/>\n<script type=\"application\/ld+json\" class=\"yoast-schema-graph\">{\"@context\":\"https:\/\/schema.org\",\"@graph\":[{\"@type\":\"WebPage\",\"@id\":\"https:\/\/louvreconsulting.com.br\/home\/fale-conosco\/\",\"url\":\"https:\/\/louvreconsulting.com.br\/home\/fale-conosco\/\",\"name\":\"Fale Conosco - Louvre Consulting\",\"isPartOf\":{\"@id\":\"https:\/\/louvreconsulting.com.br\/home\/#website\"},\"datePublished\":\"2020-12-17T12:47:51+00:00\",\"dateModified\":\"2021-12-29T13:22:59+00:00\",\"breadcrumb\":{\"@id\":\"https:\/\/louvreconsulting.com.br\/home\/fale-conosco\/#breadcrumb\"},\"inLanguage\":\"pt-BR\",\"potentialAction\":[{\"@type\":\"ReadAction\",\"target\":[\"https:\/\/louvreconsulting.com.br\/home\/fale-conosco\/\"]}]},{\"@type\":\"BreadcrumbList\",\"@id\":\"https:\/\/louvreconsulting.com.br\/home\/fale-conosco\/#breadcrumb\",\"itemListElement\":[{\"@type\":\"ListItem\",\"position\":1,\"name\":\"Home\",\"item\":\"https:\/\/louvreconsulting.com.br\/home\/\"},{\"@type\":\"ListItem\",\"position\":2,\"name\":\"Fale Conosco\"}]},{\"@type\":\"WebSite\",\"@id\":\"https:\/\/louvreconsulting.com.br\/home\/#website\",\"url\":\"https:\/\/louvreconsulting.com.br\/home\/\",\"name\":\"Louvre Consulting\",\"description\":\"\",\"potentialAction\":[{\"@type\":\"SearchAction\",\"target\":{\"@type\":\"EntryPoint\",\"urlTemplate\":\"https:\/\/louvreconsulting.com.br\/home\/?s={search_term_string}\"},\"query-input\":\"required name=search_term_string\"}],\"inLanguage\":\"pt-BR\"}]}<\/script>\n<!-- \/ Yoast SEO plugin. -->","yoast_head_json":{"title":"Fale Conosco - Louvre Consulting","robots":{"index":"noindex","follow":"follow","max-snippet":"max-snippet:-1","max-image-preview":"max-image-preview:large","max-video-preview":"max-video-preview:-1"},"og_locale":"pt_BR","og_type":"article","og_title":"Fale Conosco - Louvre Consulting","og_description":"Oferecemos servi\u00e7os e solu\u00e7\u00f5es de gest\u00e3o que ir\u00e1 transformar o seu neg\u00f3cio. Vamos conversar?","og_url":"https:\/\/louvreconsulting.com.br\/home\/fale-conosco\/","og_site_name":"Louvre Consulting","article_modified_time":"2021-12-29T13:22:59+00:00","twitter_card":"summary_large_image","twitter_misc":{"Est. tempo de leitura":"1 minuto"},"schema":{"@context":"https:\/\/schema.org","@graph":[{"@type":"WebPage","@id":"https:\/\/louvreconsulting.com.br\/home\/fale-conosco\/","url":"https:\/\/louvreconsulting.com.br\/home\/fale-conosco\/","name":"Fale Conosco - Louvre Consulting","isPartOf":{"@id":"https:\/\/louvreconsulting.com.br\/home\/#website"},"datePublished":"2020-12-17T12:47:51+00:00","dateModified":"2021-12-29T13:22:59+00:00","breadcrumb":{"@id":"https:\/\/louvreconsulting.com.br\/home\/fale-conosco\/#breadcrumb"},"inLanguage":"pt-BR","potentialAction":[{"@type":"ReadAction","target":["https:\/\/louvreconsulting.com.br\/home\/fale-conosco\/"]}]},{"@type":"BreadcrumbList","@id":"https:\/\/louvreconsulting.com.br\/home\/fale-conosco\/#breadcrumb","itemListElement":[{"@type":"ListItem","position":1,"name":"Home","item":"https:\/\/louvreconsulting.com.br\/home\/"},{"@type":"ListItem","position":2,"name":"Fale Conosco"}]},{"@type":"WebSite","@id":"https:\/\/louvreconsulting.com.br\/home\/#website","url":"https:\/\/louvreconsulting.com.br\/home\/","name":"Louvre Consulting","description":"","potentialAction":[{"@type":"SearchAction","target":{"@type":"EntryPoint","urlTemplate":"https:\/\/louvreconsulting.com.br\/home\/?s={search_term_string}"},"query-input":"required name=search_term_string"}],"inLanguage":"pt-BR"}]}},"uagb_featured_image_src":{"full":false,"thumbnail":false,"medium":false,"medium_large":false,"large":false,"1536x1536":false,"2048x2048":false},"uagb_author_info":{"display_name":"Coaching Tech","author_link":"https:\/\/louvreconsulting.com.br\/home\/author\/coaching-tech\/"},"uagb_comment_info":0,"uagb_excerpt":"Oferecemos servi\u00e7os e solu\u00e7\u00f5es de gest\u00e3o que ir\u00e1 transformar o seu neg\u00f3cio. Vamos conversar?","_links":{"self":[{"href":"https:\/\/louvreconsulting.com.br\/home\/wp-json\/wp\/v2\/pages\/29"}],"collection":[{"href":"https:\/\/louvreconsulting.com.br\/home\/wp-json\/wp\/v2\/pages"}],"about":[{"href":"https:\/\/louvreconsulting.com.br\/home\/wp-json\/wp\/v2\/types\/page"}],"author":[{"embeddable":true,"href":"https:\/\/louvreconsulting.com.br\/home\/wp-json\/wp\/v2\/users\/1"}],"replies":[{"embeddable":true,"href":"https:\/\/louvreconsulting.com.br\/home\/wp-json\/wp\/v2\/comments?post=29"}],"version-history":[{"count":6,"href":"https:\/\/louvreconsulting.com.br\/home\/wp-json\/wp\/v2\/pages\/29\/revisions"}],"predecessor-version":[{"id":502,"href":"https:\/\/louvreconsulting.com.br\/home\/wp-json\/wp\/v2\/pages\/29\/revisions\/502"}],"wp:attachment":[{"href":"https:\/\/louvreconsulting.com.br\/home\/wp-json\/wp\/v2\/media?parent=29"}],"curies":[{"name":"wp","href":"https:\/\/api.w.org\/{rel}","templated":true}]}}