{"id":25,"date":"2020-12-16T15:54:33","date_gmt":"2020-12-16T17:54:33","guid":{"rendered":"https:\/\/coaching.grupocoachingtech.com.br\/?page_id=25"},"modified":"2021-01-27T16:40:32","modified_gmt":"2021-01-27T18:40:32","slug":"trabalhe-conosco","status":"publish","type":"page","link":"https:\/\/louvreconsulting.com.br\/home\/trabalhe-conosco\/","title":{"rendered":"Trabalhe conosco"},"content":{"rendered":"\n<div style=\"height:20px\" aria-hidden=\"true\" class=\"wp-block-spacer\"><\/div>\n\n\n\n<p>Aqui no Grupo Coachingtech pensamos nas pessoas, na qualidade de vida e desenvolvimento profissional. Nossos benef\u00edcios foram pensados para voc\u00ea. Vem com a gente!<\/p>\n\n\n\n<div style=\"height:40px\" aria-hidden=\"true\" class=\"wp-block-spacer\"><\/div>\n\n\n\n<div class=\"wpcf7 no-js\" id=\"wpcf7-f27-o1\" lang=\"pt-BR\" dir=\"ltr\">\n<div class=\"screen-reader-response\"><p role=\"status\" aria-live=\"polite\" aria-atomic=\"true\"><\/p> <ul><\/ul><\/div>\n<form action=\"\/home\/wp-json\/wp\/v2\/pages\/25#wpcf7-f27-o1\" method=\"post\" class=\"wpcf7-form init\" aria-label=\"Formul\u00e1rios de contato\" enctype=\"multipart\/form-data\" novalidate=\"novalidate\" data-status=\"init\">\n<div style=\"display: none;\">\n<input type=\"hidden\" name=\"_wpcf7\" value=\"27\" \/>\n<input type=\"hidden\" name=\"_wpcf7_version\" value=\"5.8.7\" \/>\n<input type=\"hidden\" name=\"_wpcf7_locale\" value=\"pt_BR\" \/>\n<input type=\"hidden\" name=\"_wpcf7_unit_tag\" value=\"wpcf7-f27-o1\" \/>\n<input type=\"hidden\" name=\"_wpcf7_container_post\" value=\"0\" \/>\n<input type=\"hidden\" name=\"_wpcf7_posted_data_hash\" value=\"\" \/>\n<\/div>\n<p><label>Nome Completo<\/label><br \/>\n<span class=\"wpcf7-form-control-wrap\" data-name=\"text-472\"><input size=\"40\" class=\"wpcf7-form-control wpcf7-text wpcf7-validates-as-required\" aria-required=\"true\" aria-invalid=\"false\" placeholder=\"\" value=\"\" type=\"text\" name=\"text-472\" \/><\/span><br \/>\n<label>E-mail<\/label><br \/>\n<span class=\"wpcf7-form-control-wrap\" data-name=\"email-330\"><input size=\"40\" class=\"wpcf7-form-control wpcf7-email wpcf7-validates-as-required wpcf7-text wpcf7-validates-as-email\" aria-required=\"true\" aria-invalid=\"false\" placeholder=\"\" value=\"\" type=\"email\" name=\"email-330\" \/><\/span><br \/>\n<label>Mensagem<\/label><br \/>\n<span class=\"wpcf7-form-control-wrap\" data-name=\"textarea-1\"><textarea cols=\"40\" rows=\"10\" class=\"wpcf7-form-control wpcf7-textarea\" aria-invalid=\"false\" name=\"textarea-1\"><\/textarea><\/span>\n<\/p>\n<p><label>Anexos<\/label>\n<\/p>\n<div class=\"pdf\">\n\t<p><label>PDF<\/label><br \/>\n<span class=\"wpcf7-form-control-wrap\" data-name=\"file-234\"><input size=\"40\" class=\"wpcf7-form-control wpcf7-file\" accept=\".pdf\" aria-invalid=\"false\" type=\"file\" name=\"file-234\" \/><\/span>\n\t<\/p>\n<\/div>\n<div class=\"imagem\">\n\t<p><label>Imagem<\/label><br \/>\n<span class=\"wpcf7-form-control-wrap\" data-name=\"file-147\"><input size=\"40\" class=\"wpcf7-form-control wpcf7-file\" accept=\".png,.jpg,.jpeg\" aria-invalid=\"false\" type=\"file\" name=\"file-147\" \/><\/span>\n\t<\/p>\n<\/div>\n<div class=\"lbl-aceite\">\n\t<p><span class=\"wpcf7-form-control-wrap\" data-name=\"acceptance-616\"><span class=\"wpcf7-form-control wpcf7-acceptance optional\"><span class=\"wpcf7-list-item\"><label><input type=\"checkbox\" name=\"acceptance-616\" value=\"1\" aria-invalid=\"false\" \/><span class=\"wpcf7-list-item-label\">Aceito a utiliza\u00e7\u00e3o dos dados cedidos nesse formul\u00e1rio para a realiza\u00e7\u00e3o de um contato.*<\/span><\/label><\/span><\/span><\/span>\n\t<\/p>\n<\/div>\n<p><input class=\"wpcf7-form-control wpcf7-submit has-spinner btn-enviar\" type=\"submit\" value=\"Enviar\" \/>\n<\/p><div class=\"wpcf7-response-output\" aria-hidden=\"true\"><\/div>\n<\/form>\n<\/div>\n\n","protected":false},"excerpt":{"rendered":"<p>Aqui no Grupo Coachingtech pensamos nas pessoas, na qualidade de vida e desenvolvimento profissional. Nossos benef\u00edcios foram pensados para voc\u00ea. Vem com a gente!<\/p>\n","protected":false},"author":1,"featured_media":0,"parent":0,"menu_order":0,"comment_status":"closed","ping_status":"closed","template":"page-trabalhe-conosco.php","meta":{"_uag_custom_page_level_css":"","footnotes":""},"acf":[],"yoast_head":"<!-- This site is optimized with the Yoast SEO plugin v22.0 - https:\/\/yoast.com\/wordpress\/plugins\/seo\/ -->\n<title>Trabalhe conosco - Louvre Consulting<\/title>\n<meta name=\"robots\" content=\"noindex, follow, max-snippet:-1, max-image-preview:large, max-video-preview:-1\" \/>\n<meta property=\"og:locale\" content=\"pt_BR\" \/>\n<meta property=\"og:type\" content=\"article\" \/>\n<meta property=\"og:title\" content=\"Trabalhe conosco - Louvre Consulting\" \/>\n<meta property=\"og:description\" content=\"Aqui no Grupo Coachingtech pensamos nas pessoas, na qualidade de vida e desenvolvimento profissional. Nossos benef\u00edcios foram pensados para voc\u00ea. Vem com a gente!\" \/>\n<meta property=\"og:url\" content=\"https:\/\/louvreconsulting.com.br\/home\/trabalhe-conosco\/\" \/>\n<meta property=\"og:site_name\" content=\"Louvre Consulting\" \/>\n<meta property=\"article:modified_time\" content=\"2021-01-27T18:40:32+00:00\" \/>\n<meta name=\"twitter:card\" content=\"summary_large_image\" \/>\n<meta name=\"twitter:label1\" content=\"Est. tempo de leitura\" \/>\n\t<meta name=\"twitter:data1\" content=\"1 minuto\" \/>\n<script type=\"application\/ld+json\" class=\"yoast-schema-graph\">{\"@context\":\"https:\/\/schema.org\",\"@graph\":[{\"@type\":\"WebPage\",\"@id\":\"https:\/\/louvreconsulting.com.br\/home\/trabalhe-conosco\/\",\"url\":\"https:\/\/louvreconsulting.com.br\/home\/trabalhe-conosco\/\",\"name\":\"Trabalhe conosco - Louvre Consulting\",\"isPartOf\":{\"@id\":\"https:\/\/louvreconsulting.com.br\/home\/#website\"},\"datePublished\":\"2020-12-16T17:54:33+00:00\",\"dateModified\":\"2021-01-27T18:40:32+00:00\",\"breadcrumb\":{\"@id\":\"https:\/\/louvreconsulting.com.br\/home\/trabalhe-conosco\/#breadcrumb\"},\"inLanguage\":\"pt-BR\",\"potentialAction\":[{\"@type\":\"ReadAction\",\"target\":[\"https:\/\/louvreconsulting.com.br\/home\/trabalhe-conosco\/\"]}]},{\"@type\":\"BreadcrumbList\",\"@id\":\"https:\/\/louvreconsulting.com.br\/home\/trabalhe-conosco\/#breadcrumb\",\"itemListElement\":[{\"@type\":\"ListItem\",\"position\":1,\"name\":\"Home\",\"item\":\"https:\/\/louvreconsulting.com.br\/home\/\"},{\"@type\":\"ListItem\",\"position\":2,\"name\":\"Trabalhe conosco\"}]},{\"@type\":\"WebSite\",\"@id\":\"https:\/\/louvreconsulting.com.br\/home\/#website\",\"url\":\"https:\/\/louvreconsulting.com.br\/home\/\",\"name\":\"Louvre Consulting\",\"description\":\"\",\"potentialAction\":[{\"@type\":\"SearchAction\",\"target\":{\"@type\":\"EntryPoint\",\"urlTemplate\":\"https:\/\/louvreconsulting.com.br\/home\/?s={search_term_string}\"},\"query-input\":\"required name=search_term_string\"}],\"inLanguage\":\"pt-BR\"}]}<\/script>\n<!-- \/ Yoast SEO plugin. -->","yoast_head_json":{"title":"Trabalhe conosco - Louvre Consulting","robots":{"index":"noindex","follow":"follow","max-snippet":"max-snippet:-1","max-image-preview":"max-image-preview:large","max-video-preview":"max-video-preview:-1"},"og_locale":"pt_BR","og_type":"article","og_title":"Trabalhe conosco - Louvre Consulting","og_description":"Aqui no Grupo Coachingtech pensamos nas pessoas, na qualidade de vida e desenvolvimento profissional. Nossos benef\u00edcios foram pensados para voc\u00ea. Vem com a gente!","og_url":"https:\/\/louvreconsulting.com.br\/home\/trabalhe-conosco\/","og_site_name":"Louvre Consulting","article_modified_time":"2021-01-27T18:40:32+00:00","twitter_card":"summary_large_image","twitter_misc":{"Est. tempo de leitura":"1 minuto"},"schema":{"@context":"https:\/\/schema.org","@graph":[{"@type":"WebPage","@id":"https:\/\/louvreconsulting.com.br\/home\/trabalhe-conosco\/","url":"https:\/\/louvreconsulting.com.br\/home\/trabalhe-conosco\/","name":"Trabalhe conosco - Louvre Consulting","isPartOf":{"@id":"https:\/\/louvreconsulting.com.br\/home\/#website"},"datePublished":"2020-12-16T17:54:33+00:00","dateModified":"2021-01-27T18:40:32+00:00","breadcrumb":{"@id":"https:\/\/louvreconsulting.com.br\/home\/trabalhe-conosco\/#breadcrumb"},"inLanguage":"pt-BR","potentialAction":[{"@type":"ReadAction","target":["https:\/\/louvreconsulting.com.br\/home\/trabalhe-conosco\/"]}]},{"@type":"BreadcrumbList","@id":"https:\/\/louvreconsulting.com.br\/home\/trabalhe-conosco\/#breadcrumb","itemListElement":[{"@type":"ListItem","position":1,"name":"Home","item":"https:\/\/louvreconsulting.com.br\/home\/"},{"@type":"ListItem","position":2,"name":"Trabalhe conosco"}]},{"@type":"WebSite","@id":"https:\/\/louvreconsulting.com.br\/home\/#website","url":"https:\/\/louvreconsulting.com.br\/home\/","name":"Louvre Consulting","description":"","potentialAction":[{"@type":"SearchAction","target":{"@type":"EntryPoint","urlTemplate":"https:\/\/louvreconsulting.com.br\/home\/?s={search_term_string}"},"query-input":"required name=search_term_string"}],"inLanguage":"pt-BR"}]}},"uagb_featured_image_src":{"full":false,"thumbnail":false,"medium":false,"medium_large":false,"large":false,"1536x1536":false,"2048x2048":false},"uagb_author_info":{"display_name":"Coaching Tech","author_link":"https:\/\/louvreconsulting.com.br\/home\/author\/coaching-tech\/"},"uagb_comment_info":0,"uagb_excerpt":"Aqui no Grupo Coachingtech pensamos nas pessoas, na qualidade de vida e desenvolvimento profissional. Nossos benef\u00edcios foram pensados para voc\u00ea. Vem com a gente!","_links":{"self":[{"href":"https:\/\/louvreconsulting.com.br\/home\/wp-json\/wp\/v2\/pages\/25"}],"collection":[{"href":"https:\/\/louvreconsulting.com.br\/home\/wp-json\/wp\/v2\/pages"}],"about":[{"href":"https:\/\/louvreconsulting.com.br\/home\/wp-json\/wp\/v2\/types\/page"}],"author":[{"embeddable":true,"href":"https:\/\/louvreconsulting.com.br\/home\/wp-json\/wp\/v2\/users\/1"}],"replies":[{"embeddable":true,"href":"https:\/\/louvreconsulting.com.br\/home\/wp-json\/wp\/v2\/comments?post=25"}],"version-history":[{"count":5,"href":"https:\/\/louvreconsulting.com.br\/home\/wp-json\/wp\/v2\/pages\/25\/revisions"}],"predecessor-version":[{"id":213,"href":"https:\/\/louvreconsulting.com.br\/home\/wp-json\/wp\/v2\/pages\/25\/revisions\/213"}],"wp:attachment":[{"href":"https:\/\/louvreconsulting.com.br\/home\/wp-json\/wp\/v2\/media?parent=25"}],"curies":[{"name":"wp","href":"https:\/\/api.w.org\/{rel}","templated":true}]}}